{"id":56,"date":"2019-11-04T12:30:46","date_gmt":"2019-11-04T12:30:46","guid":{"rendered":"http:\/\/demosktthemes.com\/free\/solution\/?page_id=9"},"modified":"2026-03-22T06:19:48","modified_gmt":"2026-03-22T05:19:48","slug":"home","status":"publish","type":"page","link":"https:\/\/pronetis.eu\/","title":{"rendered":""},"content":{"rendered":"<div class=\"skt-builder-block-wrapper skt-builder-home-section1-block skt-builder-home-section1-block-31\" style=\"background-color: #f6f6f6; background-image: url(); padding-bottom: 80px; padding-top: 90px; background-attachment: fixed;\">\r\n\t<div class=\"skt-builder-block-inner skt-builder-block-inner-31\" style=\"visibility: hidden;\">\r\n\t\t<div class=\"skt-builder-container\">\r\n                <div class=\"skt-builder-block-description\"><p><br><\/p><\/div>\r\n\t\t\t<div class=\"skt-builder-columns-row skt-builder-columns-row-4column\">\r\n            \r\n\t\t\t<div class=\"choose-us-box-33\">\r\n\t\t\t <style>\r\n\t\t\t\t.choose-us-box-33 .skt-builder-column-inner:hover {background: linear-gradient(to bottom, #dbd9d7, #dbd9d7) !important;}\r\n            \t.choose-us-box-33 .skt-builder-column-inner:hover .skt-builder-service-column-title{color:#fff !important;}\r\n\t\t\t\t.choose-us-box-33 .skt-builder-column-inner .hover-img{ display:none;}\r\n\t\t\t\t.choose-us-box-33 .skt-builder-column-inner:hover .service-img{display:none;}\r\n\t\t\t\t.choose-us-box-33 .skt-builder-column-inner:hover .hover-img{display:block; text-align:center; margin:0 auto;}\r\n\t\t\t\t.choose-us-box-33 .service-image{height:60px; overflow:hidden;}\r\n             <\/style>\r\n\t\t\t\t\t<div class=\"skt-builder-column skt-builder-service-column  delay-2s\">\r\n                        <div class=\"skt-builder-column-inner\" style=\"background-color:#fff;\">\r\n                        <div class=\"service-image\">\r\n                        \r\n                            <a href=\"#\" ><img decoding=\"async\" class=\"skt-builder-service-column-icon service-img\" src=\"http:\/\/pronetis.eu\/wp-content\/uploads\/2025\/01\/webhosting-srovnani-800x432-1.jpg\"><\/a>\r\n                            <a href=\"#\" ><img decoding=\"async\" class=\"skt-builder-service-column-icon hover-img\" src=\"http:\/\/pronetis.eu\/wp-content\/uploads\/2026\/03\/webhosting-srovnani-800x432-1.jpg\"><\/a>\r\n                            <\/div>\r\n                            \r\n                            <a href=\"#\" ><h3 class=\"skt-builder-service-column-title\" style=\"color:#444444; font-size:22px;\">Webhosting<\/h3><\/a>\r\n                            <div class=\"skt-builder-service-column-text\"><p>vlastn\u00e9 datacentrum vysok\u00fd v\u00fdkon, stabilita a dostupnos\u0165, monitoring 24\/7, pravideln\u00e9 z\u00e1lohovanie<\/p><\/div>\r\n                        <\/div>\r\n\t\t\t\t\t<\/div>\r\n                    <\/div>\r\n\t\t\t<div class=\"choose-us-box-37\">\r\n\t\t\t <style>\r\n\t\t\t\t.choose-us-box-37 .skt-builder-column-inner:hover {background: linear-gradient(to bottom, #dbd9d7, #dbd9d7) !important;}\r\n            \t.choose-us-box-37 .skt-builder-column-inner:hover .skt-builder-service-column-title{color:#fff !important;}\r\n\t\t\t\t.choose-us-box-37 .skt-builder-column-inner .hover-img{ display:none;}\r\n\t\t\t\t.choose-us-box-37 .skt-builder-column-inner:hover .service-img{display:none;}\r\n\t\t\t\t.choose-us-box-37 .skt-builder-column-inner:hover .hover-img{display:block; text-align:center; margin:0 auto;}\r\n\t\t\t\t.choose-us-box-37 .service-image{height:60px; overflow:hidden;}\r\n             <\/style>\r\n\t\t\t\t\t<div class=\"skt-builder-column skt-builder-service-column  delay-2s\">\r\n                        <div class=\"skt-builder-column-inner\" style=\"background-color:#fff;\">\r\n                        <div class=\"service-image\">\r\n                        \r\n                            <a href=\"#\" ><img decoding=\"async\" class=\"skt-builder-service-column-icon service-img\" src=\"http:\/\/pronetis.eu\/wp-content\/uploads\/2025\/01\/eKasa-logo-1024x536-1.png\"><\/a>\r\n                            <a href=\"#\" ><img decoding=\"async\" class=\"skt-builder-service-column-icon hover-img\" src=\"http:\/\/pronetis.eu\/wp-content\/uploads\/2025\/01\/eKasa-logo-1024x536-1.png\"><\/a>\r\n                            <\/div>\r\n                            \r\n                            <a href=\"#\" ><h3 class=\"skt-builder-service-column-title\" style=\"color:#444444; font-size:22px;\">Pokladne eKASA<\/h3><\/a>\r\n                            <div class=\"skt-builder-service-column-text\"><p>Predaj a komplexn\u00fd servis eKasa pokladn\u00edc, a fisk\u00e1lnych tla\u010diarn\u00ed.<\/p><\/div>\r\n                        <\/div>\r\n\t\t\t\t\t<\/div>\r\n                    <\/div>\r\n\t\t\t<div class=\"choose-us-box-164\">\r\n\t\t\t <style>\r\n\t\t\t\t.choose-us-box-164 .skt-builder-column-inner:hover {background: linear-gradient(to bottom, #dbd9d7, #dbd9d7) !important;}\r\n            \t.choose-us-box-164 .skt-builder-column-inner:hover .skt-builder-service-column-title{color:#fff !important;}\r\n\t\t\t\t.choose-us-box-164 .skt-builder-column-inner .hover-img{ display:none;}\r\n\t\t\t\t.choose-us-box-164 .skt-builder-column-inner:hover .service-img{display:none;}\r\n\t\t\t\t.choose-us-box-164 .skt-builder-column-inner:hover .hover-img{display:block; text-align:center; margin:0 auto;}\r\n\t\t\t\t.choose-us-box-164 .service-image{height:60px; overflow:hidden;}\r\n             <\/style>\r\n\t\t\t\t\t<div class=\"skt-builder-column skt-builder-service-column  delay-2s\">\r\n                        <div class=\"skt-builder-column-inner\" style=\"background-color:#fff;\">\r\n                        <div class=\"service-image\">\r\n                        \r\n                            <a href=\"#\" ><img decoding=\"async\" class=\"skt-builder-service-column-icon service-img\" src=\"http:\/\/pronetis.eu\/wp-content\/uploads\/2026\/03\/partner_POHODA-2.jpg\"><\/a>\r\n                            <a href=\"#\" ><img decoding=\"async\" class=\"skt-builder-service-column-icon hover-img\" src=\"http:\/\/pronetis.eu\/wp-content\/uploads\/2026\/03\/partner_POHODA-2-1.jpg\"><\/a>\r\n                            <\/div>\r\n                            \r\n                            <a href=\"#\" ><h3 class=\"skt-builder-service-column-title\" style=\"color:#444444; font-size:22px;\">POHODA Ekonomick\u00fd syst\u00e9m<\/h3><\/a>\r\n                            <div class=\"skt-builder-service-column-text\"><p>Komplexn\u00fd syst\u00e9m na vedenie \u00fa\u010dtovn\u00fdch, skladov\u00fdch,majetkov\u00fdch, mzdov\u00fdch a \u010fal\u0161\u00edch agend a na riadenie firmy..<\/p><\/div>\r\n                        <\/div>\r\n\t\t\t\t\t<\/div>\r\n                    <\/div>\r\n\t\t\t<div class=\"choose-us-box-182\">\r\n\t\t\t <style>\r\n\t\t\t\t.choose-us-box-182 .skt-builder-column-inner:hover {background: linear-gradient(to bottom, #dbd9d7, #dbd9d7) !important;}\r\n            \t.choose-us-box-182 .skt-builder-column-inner:hover .skt-builder-service-column-title{color:#fff !important;}\r\n\t\t\t\t.choose-us-box-182 .skt-builder-column-inner .hover-img{ display:none;}\r\n\t\t\t\t.choose-us-box-182 .skt-builder-column-inner:hover .service-img{display:none;}\r\n\t\t\t\t.choose-us-box-182 .skt-builder-column-inner:hover .hover-img{display:block; text-align:center; margin:0 auto;}\r\n\t\t\t\t.choose-us-box-182 .service-image{height:60px; overflow:hidden;}\r\n             <\/style>\r\n\t\t\t\t\t<div class=\"skt-builder-column skt-builder-service-column  delay-2s\">\r\n                        <div class=\"skt-builder-column-inner\" style=\"background-color:#fff;\">\r\n                        <div class=\"service-image\">\r\n                        \r\n                            <a href=\"#\" ><img decoding=\"async\" class=\"skt-builder-service-column-icon service-img\" src=\"http:\/\/pronetis.eu\/wp-content\/uploads\/2025\/01\/logo_oberon_transparent_purple_r.png\"><\/a>\r\n                            <a href=\"#\" ><img decoding=\"async\" class=\"skt-builder-service-column-icon hover-img\" src=\"http:\/\/pronetis.eu\/wp-content\/uploads\/2025\/01\/logo_oberon_transparent_purple_r.png\"><\/a>\r\n                            <\/div>\r\n                            \r\n                            <a href=\"#\" ><h3 class=\"skt-builder-service-column-title\" style=\"color:#444444; font-size:22px;\">Zmluvn\u00fd partner Exalogic<\/h3><\/a>\r\n                            <div class=\"skt-builder-service-column-text\"><p>OBERON - komplexn\u00fd a modern\u00fd ekonomick\u00fd syst\u00e9m pre mal\u00e9 a&nbsp;stredne ve\u013ek\u00e9 firmy.<\/p><\/div>\r\n                        <\/div>\r\n\t\t\t\t\t<\/div>\r\n                    <\/div>\r\n\t\t\t<\/div>\r\n\t\t<\/div>\r\n\t<\/div>\r\n<\/div>\r\n\r\n<script>\r\njQuery(document).ready(function() {\r\n    jQuery('p').each(function() {\r\n        var $this = jQuery(this);\r\n        if($this.html().replace(\/s|&nbsp;\/g, '').length == 0) {\r\n            $this.remove();\r\n        }\r\n    });\r\n});\r\n\r\njQuery(document).ready(function() {\r\n    jQuery('p').each(function() {\r\n        var $this = jQuery(this);\r\n        if($this.html().replace(\/s|<br>\/g, '').length == 0) {\r\n            $this.remove();\r\n        }\r\n    });\r\n});\r\n<\/script>\r\n\r\n<script>\r\njQuery.noConflict();\r\njQuery(document).ready(function(){\r\njQuery(window).scroll(function(){\r\n    \/\/ This is then function used to detect if the element is scrolled into view\r\n    function elementScrolled(elem)\r\n    {\r\n        var docViewTop = jQuery(window).scrollTop();\r\n        var docViewBottom = docViewTop + jQuery(window).height();\r\n        var elemTop = jQuery(elem).offset().top;\r\n        return ((elemTop <= docViewBottom) && (elemTop >= docViewTop));\r\n    }\r\n\r\n\tif (jQuery('.skt-builder-block-inner-31').length > 0) {\r\n\tif(elementScrolled('.skt-builder-block-inner-31')) {\r\n        var els = jQuery('.skt-builder-block-inner-31'),\r\n            i = 0,\r\n            f = function () {\r\n                jQuery(els[i++]).addClass('fadeIn');\r\n                if(i < els.length) setTimeout(f, 400);\r\n            };\r\n        f();\r\n    }}\r\n\r\n});\r\n});\r\n<\/script>\r\n<!-- sktbuilder starter --><script type=\"text\/javascript\" src=\"https:\/\/pronetis.eu\/wp-content\/plugins\/skt-builder\/sktbuilder\/sktbuilder-frontend-starter.js\"><\/script><script type=\"text\/javascript\" src=\"https:\/\/pronetis.eu\/wp-content\/plugins\/skt-builder\/sktbuilder-wordpress-driver.js\"><\/script><script type=\"text\/javascript\"> var starter = new SktbuilderStarter({\"mode\": \"prod\", \"skip\":[\"jquery\",\"underscore\",\"backbone\"],\"sktbuilderUrl\": \"https:\/\/pronetis.eu\/wp-content\/plugins\/skt-builder\/sktbuilder\/\", \"driver\": new SktbuilderWordpressDriver({\"ajaxUrl\": \"https:\/\/pronetis.eu\/wp-admin\/admin-ajax.php\", \"iframeUrl\": \"https:\/\/pronetis.eu\/?sktbuilder=true\", \"pageId\": 56,  \"nonce\": \"59cc51a5c7\", \"pages\": [], \"page\": \"No title\" }) });<\/script><!-- end sktbuilder starter -->","protected":false},"excerpt":{"rendered":"<p>Webhosting vlastn\u00e9 datacentrum vysok\u00fd v\u00fdkon, stabilita a dostupnos\u0165, monitoring 24\/7, pravideln\u00e9 z\u00e1lohovanie Pokladne eKASA Predaj a komplexn\u00fd servis eKasa pokladn\u00edc, a fisk\u00e1lnych tla\u010diarn\u00ed. POHODA Ekonomick\u00fd syst\u00e9m Komplexn\u00fd syst\u00e9m na vedenie \u00fa\u010dtovn\u00fdch, skladov\u00fdch,majetkov\u00fdch, mzdov\u00fdch a \u010fal\u0161\u00edch agend a na riadenie firmy.. Zmluvn\u00fd partner Exalogic OBERON &#8211; komplexn\u00fd a modern\u00fd ekonomick\u00fd syst\u00e9m pre mal\u00e9 a&nbsp;stredne ve\u013ek\u00e9 firmy.<\/p>\n","protected":false},"author":1,"featured_media":0,"parent":0,"menu_order":0,"comment_status":"closed","ping_status":"closed","template":"templates\/page-fullwidth_template.php","meta":{"footnotes":""},"class_list":["post-56","page","type-page","status-publish","hentry"],"_links":{"self":[{"href":"https:\/\/pronetis.eu\/index.php?rest_route=\/wp\/v2\/pages\/56","targetHints":{"allow":["GET"]}}],"collection":[{"href":"https:\/\/pronetis.eu\/index.php?rest_route=\/wp\/v2\/pages"}],"about":[{"href":"https:\/\/pronetis.eu\/index.php?rest_route=\/wp\/v2\/types\/page"}],"author":[{"embeddable":true,"href":"https:\/\/pronetis.eu\/index.php?rest_route=\/wp\/v2\/users\/1"}],"replies":[{"embeddable":true,"href":"https:\/\/pronetis.eu\/index.php?rest_route=%2Fwp%2Fv2%2Fcomments&post=56"}],"version-history":[{"count":36,"href":"https:\/\/pronetis.eu\/index.php?rest_route=\/wp\/v2\/pages\/56\/revisions"}],"predecessor-version":[{"id":254,"href":"https:\/\/pronetis.eu\/index.php?rest_route=\/wp\/v2\/pages\/56\/revisions\/254"}],"wp:attachment":[{"href":"https:\/\/pronetis.eu\/index.php?rest_route=%2Fwp%2Fv2%2Fmedia&parent=56"}],"curies":[{"name":"wp","href":"https:\/\/api.w.org\/{rel}","templated":true}]}}