{"id":23,"date":"2020-09-21T21:44:46","date_gmt":"2020-09-21T19:44:46","guid":{"rendered":"http:\/\/web.pronetis.eu\/?page_id=23"},"modified":"2026-02-21T08:12:38","modified_gmt":"2026-02-21T07:12:38","slug":"kontakt","status":"publish","type":"page","link":"https:\/\/pronetis.eu\/?page_id=23","title":{"rendered":"Kontakt"},"content":{"rendered":"\n<figure class=\"wp-block-image size-full\"><img loading=\"lazy\" decoding=\"async\" width=\"203\" height=\"119\" src=\"https:\/\/pronetis.eu\/wp-content\/uploads\/2020\/09\/logo.png\" alt=\"\" class=\"wp-image-13\"\/><\/figure>\n\n\n\n<p><\/p>\n\n\n\n<p><strong>Pronetis s.r.o.<\/strong><br>Adresa:<br>S\u00eddlo spol.: Za Humnami 732\/45<br>Slovensk\u00e1 republika<br>949 01  Nitra <\/p>\n\n\n\n<p>Telef\u00f3n:  0907 \/ 98 98 22<\/p>\n\n\n\n<p>Inform\u00e1cia: I\u010cO: 44049986 DI\u010c: 2022556910 I\u010c DPH: SK2022556910 Registr\u00e1cia: Obchodn\u00fd register OS Nitra, Oddiel:Sro,Vlo\u017eka \u010d.21863\/N <\/p>\n\n\n\n<p>\u00fa\u010det: 2626200062\/1100 TATRABANKA a.s.<\/p>\n<!-- sktbuilder starter --><script type=\"text\/javascript\" src=\"https:\/\/pronetis.eu\/wp-content\/plugins\/skt-builder\/sktbuilder\/sktbuilder-frontend-starter.js\"><\/script><script type=\"text\/javascript\" src=\"https:\/\/pronetis.eu\/wp-content\/plugins\/skt-builder\/sktbuilder-wordpress-driver.js\"><\/script><script type=\"text\/javascript\"> var starter = new SktbuilderStarter({\"mode\": \"prod\", \"skip\":[\"jquery\",\"underscore\",\"backbone\"],\"sktbuilderUrl\": \"https:\/\/pronetis.eu\/wp-content\/plugins\/skt-builder\/sktbuilder\/\", \"driver\": new SktbuilderWordpressDriver({\"ajaxUrl\": \"https:\/\/pronetis.eu\/wp-admin\/admin-ajax.php\", \"iframeUrl\": \"https:\/\/pronetis.eu\/?page_id=23&sktbuilder=true\", \"pageId\": 23,  \"nonce\": \"a40a6dd54a\", \"pages\": [{\"title\":\"No title\",\"url\":\"https:\\\/\\\/pronetis.eu\\\/wp-admin\\\/post.php?post=56&action=sktbuilder\"}], \"page\": \"Kontakt\" }) });<\/script><!-- end sktbuilder starter -->","protected":false},"excerpt":{"rendered":"<p>Pronetis s.r.o.Adresa:S\u00eddlo spol.: Za Humnami 732\/45Slovensk\u00e1 republika949 01 Nitra Telef\u00f3n: 0907 \/ 98 98 22 Inform\u00e1cia: I\u010cO: 44049986 DI\u010c: 2022556910 I\u010c DPH: SK2022556910 Registr\u00e1cia: Obchodn\u00fd register OS Nitra, Oddiel:Sro,Vlo\u017eka \u010d.21863\/N \u00fa\u010det: 2626200062\/1100 TATRABANKA a.s.<\/p>\n","protected":false},"author":1,"featured_media":0,"parent":0,"menu_order":0,"comment_status":"closed","ping_status":"closed","template":"templates\/page-fullwidth_template.php","meta":{"footnotes":""},"class_list":["post-23","page","type-page","status-publish","hentry"],"_links":{"self":[{"href":"https:\/\/pronetis.eu\/index.php?rest_route=\/wp\/v2\/pages\/23","targetHints":{"allow":["GET"]}}],"collection":[{"href":"https:\/\/pronetis.eu\/index.php?rest_route=\/wp\/v2\/pages"}],"about":[{"href":"https:\/\/pronetis.eu\/index.php?rest_route=\/wp\/v2\/types\/page"}],"author":[{"embeddable":true,"href":"https:\/\/pronetis.eu\/index.php?rest_route=\/wp\/v2\/users\/1"}],"replies":[{"embeddable":true,"href":"https:\/\/pronetis.eu\/index.php?rest_route=%2Fwp%2Fv2%2Fcomments&post=23"}],"version-history":[{"count":7,"href":"https:\/\/pronetis.eu\/index.php?rest_route=\/wp\/v2\/pages\/23\/revisions"}],"predecessor-version":[{"id":240,"href":"https:\/\/pronetis.eu\/index.php?rest_route=\/wp\/v2\/pages\/23\/revisions\/240"}],"wp:attachment":[{"href":"https:\/\/pronetis.eu\/index.php?rest_route=%2Fwp%2Fv2%2Fmedia&parent=23"}],"curies":[{"name":"wp","href":"https:\/\/api.w.org\/{rel}","templated":true}]}}